{"id":1748,"date":"2026-01-22T17:00:20","date_gmt":"2026-01-22T17:00:20","guid":{"rendered":"https:\/\/asapcleaningsd.com\/?page_id=1748"},"modified":"2026-01-22T20:20:11","modified_gmt":"2026-01-22T20:20:11","slug":"politicas-de-privacidad","status":"publish","type":"page","link":"https:\/\/asapcleaningsd.com\/es\/politicas-de-privacidad\/","title":{"rendered":"Pol\u00edtica de Privacidad"},"content":{"rendered":"<div data-elementor-type=\"wp-page\" data-elementor-id=\"1748\" class=\"elementor elementor-1748\" data-elementor-post-type=\"page\">\n\t\t\t\t<div class=\"elementor-element elementor-element-32417f8 e-flex e-con-boxed e-con e-parent\" data-id=\"32417f8\" data-element_type=\"container\" data-e-type=\"container\" data-settings=\"{&quot;background_background&quot;:&quot;gradient&quot;}\">\n\t\t\t\t\t<div class=\"e-con-inner\">\n\t\t\t\t<div class=\"elementor-element elementor-element-b2f4da9 elementor-widget elementor-widget-heading\" data-id=\"b2f4da9\" data-element_type=\"widget\" data-e-type=\"widget\" data-widget_type=\"heading.default\">\n\t\t\t\t\t<h1 class=\"elementor-heading-title elementor-size-default\">Pol\u00edtica de Privacidad<\/h1>\t\t\t\t<\/div>\n\t\t\t\t\t<\/div>\n\t\t\t\t<\/div>\n\t\t<div class=\"elementor-element elementor-element-4aceaf8 e-flex e-con-boxed e-con e-parent\" data-id=\"4aceaf8\" data-element_type=\"container\" data-e-type=\"container\">\n\t\t\t\t\t<div class=\"e-con-inner\">\n\t\t\t\t<div class=\"elementor-element elementor-element-a9cb75d elementor-widget elementor-widget-text-editor\" data-id=\"a9cb75d\" data-element_type=\"widget\" data-e-type=\"widget\" data-widget_type=\"text-editor.default\">\n\t\t\t\t\t\t\t\t\t<p data-start=\"422\" data-end=\"452\"><strong data-start=\"422\" data-end=\"439\">\u00daltima actualizaci\u00f3n:<\/strong> Enero 2026<\/p><p data-start=\"454\" data-end=\"714\">ASAP Cleaning Services LLC (\u201cASAP Cleaning\u201d, \u201cnosotros\u201d, \u201cnuestro\u201d o \u201cnos\u201d) se compromete a proteger tu privacidad. Esta Pol\u00edtica de Privacidad explica c\u00f3mo recopilamos, utilizamos, almacenamos y protegemos tu informaci\u00f3n personal cuando visitas nuestro sitio web o interact\u00faas con nuestros servicios.<\/p><p data-start=\"716\" data-end=\"799\">Al utilizar este sitio web, aceptas las pr\u00e1cticas descritas en esta Pol\u00edtica de Privacidad.<\/p><p data-start=\"806\" data-end=\"831\">\u00a0<\/p><p data-start=\"806\" data-end=\"831\"><strong>Informaci\u00f3n que Recopilamos<\/strong><\/p><p data-start=\"833\" data-end=\"1000\">Podemos recopilar informaci\u00f3n personal cuando la proporcionas voluntariamente a trav\u00e9s de los formularios de nuestro sitio web, sistemas de reserva o canales de comunicaci\u00f3n. Esta informaci\u00f3n puede incluir:<\/p><ul data-start=\"1002\" data-end=\"1160\"><li data-start=\"1002\" data-end=\"1015\"><p data-start=\"1004\" data-end=\"1015\">Nombre completo<\/p><\/li><li data-start=\"1016\" data-end=\"1033\"><p data-start=\"1018\" data-end=\"1033\">Direcci\u00f3n de correo electr\u00f3nico<\/p><\/li><li data-start=\"1034\" data-end=\"1050\"><p data-start=\"1036\" data-end=\"1050\">N\u00famero de tel\u00e9fono<\/p><\/li><li data-start=\"1051\" data-end=\"1071\"><p data-start=\"1053\" data-end=\"1071\">Direcci\u00f3n de la propiedad<\/p><\/li><li data-start=\"1072\" data-end=\"1107\"><p data-start=\"1074\" data-end=\"1107\">Detalles y preferencias del servicio<\/p><\/li><li data-start=\"1108\" data-end=\"1160\"><p data-start=\"1110\" data-end=\"1160\">Cualquier informaci\u00f3n adicional que decidas proporcionar<\/p><\/li><\/ul><p data-start=\"1162\" data-end=\"1303\">Tambi\u00e9n podemos recopilar informaci\u00f3n no personal limitada, como el tipo de navegador, informaci\u00f3n del dispositivo y datos de uso del sitio web con fines anal\u00edticos.<\/p><p data-start=\"1310\" data-end=\"1340\">\u00a0<\/p><p data-start=\"1310\" data-end=\"1340\"><strong>C\u00f3mo Utilizamos tu Informaci\u00f3n<\/strong><\/p><p data-start=\"1342\" data-end=\"1378\">Utilizamos la informaci\u00f3n recopilada para:<\/p><ul data-start=\"1380\" data-end=\"1654\"><li data-start=\"1380\" data-end=\"1425\"><p data-start=\"1382\" data-end=\"1425\">Responder a consultas y solicitudes de servicio<\/p><\/li><li data-start=\"1426\" data-end=\"1488\"><p data-start=\"1428\" data-end=\"1488\">Proporcionar cotizaciones de limpieza, reservas y atenci\u00f3n al cliente<\/p><\/li><li data-start=\"1489\" data-end=\"1544\"><p data-start=\"1491\" data-end=\"1544\">Comunicarnos sobre servicios, programaci\u00f3n y actualizaciones<\/p><\/li><li data-start=\"1545\" data-end=\"1603\"><p data-start=\"1547\" data-end=\"1603\">Mejorar nuestro sitio web, servicios y experiencia del cliente<\/p><\/li><li data-start=\"1604\" data-end=\"1654\"><p data-start=\"1606\" data-end=\"1654\">Enviar mensajes transaccionales o relacionados con el servicio<\/p><\/li><\/ul><p data-start=\"1656\" data-end=\"1750\">Las comunicaciones de marketing solo se env\u00edan cuando la ley lo permite, y puedes darte de baja en cualquier momento.<\/p><p data-start=\"1757\" data-end=\"1792\">\u00a0<\/p><p data-start=\"1757\" data-end=\"1792\"><strong>Mensajes de Texto y Comunicaciones<\/strong><\/p><p data-start=\"1794\" data-end=\"1959\">Si proporcionas tu n\u00famero de tel\u00e9fono, puedes recibir mensajes de texto relacionados con tu solicitud de servicio, recordatorios de citas o actualizaciones. Pueden aplicarse tarifas de mensajes y datos.<\/p><p data-start=\"1961\" data-end=\"2027\">Puedes darte de baja de los mensajes de texto en cualquier momento respondiendo <strong data-start=\"2018\" data-end=\"2026\">STOP<\/strong>.<\/p><p data-start=\"2034\" data-end=\"2064\">\u00a0<\/p><p data-start=\"2034\" data-end=\"2064\"><strong>Uso de Servicios de Terceros<\/strong><\/p><p data-start=\"2066\" data-end=\"2172\">Podemos utilizar servicios de terceros de confianza para operar nuestro negocio y sitio web, incluyendo, entre otros:<\/p><ul data-start=\"2174\" data-end=\"2378\"><li data-start=\"2174\" data-end=\"2234\"><p data-start=\"2176\" data-end=\"2234\">Plataformas de reserva y programaci\u00f3n en l\u00ednea (como Jobber)<\/p><\/li><li data-start=\"2235\" data-end=\"2273\"><p data-start=\"2237\" data-end=\"2273\">Formularios del sitio web y herramientas de automatizaci\u00f3n<\/p><\/li><li data-start=\"2274\" data-end=\"2323\"><p data-start=\"2276\" data-end=\"2323\">Servicios de an\u00e1lisis (como Google Analytics)<\/p><\/li><li data-start=\"2324\" data-end=\"2378\"><p data-start=\"2326\" data-end=\"2378\">Herramientas de comunicaci\u00f3n (correo electr\u00f3nico o plataformas de mensajer\u00eda)<\/p><\/li><\/ul><p data-start=\"2380\" data-end=\"2511\">Estos proveedores externos solo reciben la informaci\u00f3n necesaria para realizar sus servicios y est\u00e1n obligados a proteger tus datos.<\/p><p data-start=\"2518\" data-end=\"2554\">\u00a0<\/p><p data-start=\"2518\" data-end=\"2554\"><strong>Cookies y Tecnolog\u00edas de Seguimiento<\/strong><\/p><p data-start=\"2556\" data-end=\"2752\">Nuestro sitio web puede utilizar cookies u otras tecnolog\u00edas similares para mejorar la funcionalidad, analizar el tr\u00e1fico del sitio y mejorar la experiencia del usuario. Puedes optar por deshabilitar las cookies a trav\u00e9s de la configuraci\u00f3n de tu navegador.<\/p><p data-start=\"2759\" data-end=\"2775\">\u00a0<\/p><p data-start=\"2759\" data-end=\"2775\"><strong>Seguridad de los Datos<\/strong><\/p><p data-start=\"2777\" data-end=\"2997\">Tomamos medidas razonables para proteger tu informaci\u00f3n personal contra accesos no autorizados, uso indebido o divulgaci\u00f3n. Si bien ninguna transmisi\u00f3n en l\u00ednea es 100 % segura, seguimos pr\u00e1cticas est\u00e1ndar de la industria para proteger tus datos.<\/p><p data-start=\"3004\" data-end=\"3029\">\u00a0<\/p><p data-start=\"3004\" data-end=\"3029\"><strong>Compartici\u00f3n de Informaci\u00f3n<\/strong><\/p><p data-start=\"3031\" data-end=\"3214\">Nosotros <strong data-start=\"3037\" data-end=\"3044\">no<\/strong> vendemos, alquilamos ni intercambiamos tu informaci\u00f3n personal con terceros. Tu informaci\u00f3n solo se comparte cuando es necesario para prestar nuestros servicios o cumplir con obligaciones legales.<\/p><p data-start=\"1251\" data-end=\"1294\">\u00a0<\/p><p data-start=\"1251\" data-end=\"1294\"><strong>Derechos de Privacidad en California (CCPA \/ CPRA)<\/strong><\/p><p data-start=\"1296\" data-end=\"1501\">Si eres residente del Estado de California, tienes derechos espec\u00edficos sobre tu informaci\u00f3n personal conforme a la California Consumer Privacy Act (CCPA) y la California Privacy Rights Act (CPRA).<\/p><p data-start=\"1503\" data-end=\"1524\">Estos derechos incluyen:<\/p><ul data-start=\"1526\" data-end=\"2042\"><li data-start=\"1526\" data-end=\"1615\"><p data-start=\"1528\" data-end=\"1615\"><strong data-start=\"1528\" data-end=\"1549\">El derecho a saber<\/strong> qu\u00e9 informaci\u00f3n personal recopilamos, utilizamos, divulgamos y conservamos<\/p><\/li><li data-start=\"1616\" data-end=\"1707\"><p data-start=\"1618\" data-end=\"1707\"><strong data-start=\"1618\" data-end=\"1649\">El derecho a solicitar acceso<\/strong> a la informaci\u00f3n personal que hemos recopilado sobre ti<\/p><\/li><li data-start=\"1708\" data-end=\"1811\"><p data-start=\"1710\" data-end=\"1811\"><strong data-start=\"1710\" data-end=\"1743\">El derecho a solicitar la eliminaci\u00f3n<\/strong> de tu informaci\u00f3n personal, sujeto a ciertas excepciones legales<\/p><\/li><li data-start=\"1812\" data-end=\"1886\"><p data-start=\"1814\" data-end=\"1886\"><strong data-start=\"1814\" data-end=\"1849\">El derecho a solicitar la correcci\u00f3n<\/strong> de informaci\u00f3n personal inexacta<\/p><\/li><li data-start=\"1887\" data-end=\"1967\"><p data-start=\"1889\" data-end=\"1967\"><strong data-start=\"1889\" data-end=\"1923\">El derecho a limitar o restringir<\/strong> el uso de informaci\u00f3n personal sensible<\/p><\/li><li data-start=\"1968\" data-end=\"2042\"><p data-start=\"1970\" data-end=\"2042\"><strong data-start=\"1970\" data-end=\"2005\">El derecho a no ser discriminado<\/strong> por ejercer tus derechos de privacidad<\/p><\/li><\/ul><p data-start=\"2049\" data-end=\"2092\">\u00a0<\/p><p data-start=\"2049\" data-end=\"2092\"><strong>Venta o Compartici\u00f3n de Informaci\u00f3n Personal<\/strong><\/p><p data-start=\"2094\" data-end=\"2188\">ASAP Cleaning <strong data-start=\"2113\" data-end=\"2155\">no vende ni comparte informaci\u00f3n personal<\/strong> seg\u00fan lo definido por la ley de California.<\/p><p data-start=\"2195\" data-end=\"2245\">\u00a0<\/p><p data-start=\"2195\" data-end=\"2245\"><strong>C\u00f3mo Ejercer tus Derechos de Privacidad en California<\/strong><\/p><p data-start=\"2247\" data-end=\"2415\">Para ejercer cualquiera de tus derechos de privacidad en California, cont\u00e1ctanos a trav\u00e9s de uno de los siguientes medios. Es posible que debamos verificar tu identidad antes de procesar tu solicitud.<\/p><p data-start=\"2417\" data-end=\"2490\"><strong data-start=\"2420\" data-end=\"2430\">Correo:<\/strong> <a href=\"mailto:erika@asapcleaningsd.com\">erika@asapcleaningsd.com<\/a><br data-start=\"2454\" data-end=\"2457\" \/><strong data-start=\"2460\" data-end=\"2470\">Tel\u00e9fono:<\/strong> <a href=\"tel:+17605326591\">+1 (760) 532-6591<\/a><\/p><p data-start=\"2492\" data-end=\"2567\">Responderemos a las solicitudes verificadas dentro de los plazos exigidos por la ley.<\/p><p data-start=\"3526\" data-end=\"3543\">\u00a0<\/p><p data-start=\"3526\" data-end=\"3543\"><strong>Enlaces Externos<\/strong><\/p><p data-start=\"3545\" data-end=\"3684\">Nuestro sitio web puede contener enlaces a sitios web de terceros. No somos responsables de las pr\u00e1cticas de privacidad ni del contenido de dichos sitios externos.<\/p><p data-start=\"3691\" data-end=\"3724\">\u00a0<\/p><p data-start=\"3691\" data-end=\"3724\"><strong>Cambios a esta Pol\u00edtica de Privacidad<\/strong><\/p><p data-start=\"3726\" data-end=\"3849\">Podemos actualizar esta Pol\u00edtica de Privacidad ocasionalmente. Cualquier cambio se publicar\u00e1 en esta p\u00e1gina con una fecha de revisi\u00f3n actualizada.<\/p><p data-start=\"3856\" data-end=\"3869\">\u00a0<\/p><p data-start=\"3856\" data-end=\"3869\"><strong>Cont\u00e1ctanos<\/strong><\/p><p data-start=\"3871\" data-end=\"3977\">Si tienes alguna pregunta sobre esta Pol\u00edtica de Privacidad o sobre c\u00f3mo se maneja tu informaci\u00f3n, cont\u00e1ctanos:<\/p><p data-start=\"3979\" data-end=\"4101\"><strong data-start=\"3979\" data-end=\"4009\">ASAP Cleaning Services LLC<\/strong><br data-start=\"4009\" data-end=\"4012\" \/>San Diego, California<br data-start=\"4033\" data-end=\"4036\" \/>Correo: <a href=\"mailto:erika@asapcleaningsd.com\">erika@asapcleaningsd.com<\/a><br data-start=\"4069\" data-end=\"4072\" \/>Tel\u00e9fono: <a href=\"tel:+17605326591\">+1 (760) 532-6591<\/a><\/p>\t\t\t\t\t\t\t\t<\/div>\n\t\t\t\t\t<\/div>\n\t\t\t\t<\/div>\n\t\t\t\t<\/div>","protected":false},"excerpt":{"rendered":"<p>Privacy Policy Last updated: January 2026 ASAP Cleaning Services LLC (\u201cASAP Cleaning,\u201d \u201cwe,\u201d \u201cour,\u201d or \u201cus\u201d) is committed to protecting your privacy. This Privacy Policy explains how we collect, use, store, and protect your personal information when you visit our website or interact with our services. By using this website, you agree to the practices [&hellip;]<\/p>\n","protected":false},"author":1,"featured_media":0,"parent":0,"menu_order":0,"comment_status":"closed","ping_status":"closed","template":"","meta":{"footnotes":""},"class_list":["post-1748","page","type-page","status-publish","hentry"],"yoast_head":"<!-- This site is optimized with the Yoast SEO plugin v27.5 - https:\/\/yoast.com\/product\/yoast-seo-wordpress\/ -->\n<title>Privacy Policy | ASAP Cleaning Services<\/title>\n<meta name=\"description\" content=\"Learn how ASAP Cleaning collects, uses, and protects your personal information when you visit our website or request services.\" \/>\n<meta name=\"robots\" content=\"index, follow, max-snippet:-1, max-image-preview:large, max-video-preview:-1\" \/>\n<link rel=\"canonical\" href=\"https:\/\/asapcleaningsd.com\/es\/politicas-de-privacidad\/\" \/>\n<meta property=\"og:locale\" content=\"es_MX\" \/>\n<meta property=\"og:type\" content=\"article\" \/>\n<meta property=\"og:title\" content=\"Privacy Policy | ASAP Cleaning Services\" \/>\n<meta property=\"og:description\" content=\"Learn how ASAP Cleaning collects, uses, and protects your personal information when you visit our website or request services.\" \/>\n<meta property=\"og:url\" content=\"https:\/\/asapcleaningsd.com\/es\/politicas-de-privacidad\/\" \/>\n<meta property=\"og:site_name\" content=\"ASAP Cleaning Services\" \/>\n<meta property=\"article:modified_time\" content=\"2026-01-22T20:20:11+00:00\" \/>\n<meta property=\"og:image\" content=\"https:\/\/asapcleaningsd.com\/wp-content\/uploads\/2025\/11\/LogoFinal.png\" \/>\n\t<meta property=\"og:image:width\" content=\"487\" \/>\n\t<meta property=\"og:image:height\" content=\"512\" \/>\n\t<meta property=\"og:image:type\" content=\"image\/png\" \/>\n<meta name=\"twitter:card\" content=\"summary_large_image\" \/>\n<meta name=\"twitter:label1\" content=\"Tiempo de lectura\" \/>\n\t<meta name=\"twitter:data1\" content=\"3 minutos\" \/>\n<script type=\"application\/ld+json\" class=\"yoast-schema-graph\">{\"@context\":\"https:\\\/\\\/schema.org\",\"@graph\":[{\"@type\":\"WebPage\",\"@id\":\"https:\\\/\\\/asapcleaningsd.com\\\/privacy-policy\\\/\",\"url\":\"https:\\\/\\\/asapcleaningsd.com\\\/privacy-policy\\\/\",\"name\":\"Privacy Policy | ASAP Cleaning Services\",\"isPartOf\":{\"@id\":\"https:\\\/\\\/asapcleaningsd.com\\\/#website\"},\"datePublished\":\"2026-01-22T17:00:20+00:00\",\"dateModified\":\"2026-01-22T20:20:11+00:00\",\"description\":\"Learn how ASAP Cleaning collects, uses, and protects your personal information when you visit our website or request services.\",\"breadcrumb\":{\"@id\":\"https:\\\/\\\/asapcleaningsd.com\\\/privacy-policy\\\/#breadcrumb\"},\"inLanguage\":\"es\",\"potentialAction\":[{\"@type\":\"ReadAction\",\"target\":[\"https:\\\/\\\/asapcleaningsd.com\\\/privacy-policy\\\/\"]}]},{\"@type\":\"BreadcrumbList\",\"@id\":\"https:\\\/\\\/asapcleaningsd.com\\\/privacy-policy\\\/#breadcrumb\",\"itemListElement\":[{\"@type\":\"ListItem\",\"position\":1,\"name\":\"Home\",\"item\":\"https:\\\/\\\/asapcleaningsd.com\\\/\"},{\"@type\":\"ListItem\",\"position\":2,\"name\":\"Privacy Policy\"}]},{\"@type\":\"WebSite\",\"@id\":\"https:\\\/\\\/asapcleaningsd.com\\\/#website\",\"url\":\"https:\\\/\\\/asapcleaningsd.com\\\/\",\"name\":\"ASAP Cleaning Services\",\"description\":\"\",\"publisher\":{\"@id\":\"https:\\\/\\\/asapcleaningsd.com\\\/#organization\"},\"potentialAction\":[{\"@type\":\"SearchAction\",\"target\":{\"@type\":\"EntryPoint\",\"urlTemplate\":\"https:\\\/\\\/asapcleaningsd.com\\\/?s={search_term_string}\"},\"query-input\":{\"@type\":\"PropertyValueSpecification\",\"valueRequired\":true,\"valueName\":\"search_term_string\"}}],\"inLanguage\":\"es\"},{\"@type\":\"Organization\",\"@id\":\"https:\\\/\\\/asapcleaningsd.com\\\/#organization\",\"name\":\"ASAP Cleaning Services\",\"url\":\"https:\\\/\\\/asapcleaningsd.com\\\/\",\"logo\":{\"@type\":\"ImageObject\",\"inLanguage\":\"es\",\"@id\":\"https:\\\/\\\/asapcleaningsd.com\\\/#\\\/schema\\\/logo\\\/image\\\/\",\"url\":\"https:\\\/\\\/asapcleaningsd.com\\\/wp-content\\\/uploads\\\/2025\\\/11\\\/LogoFinal.jpg\",\"contentUrl\":\"https:\\\/\\\/asapcleaningsd.com\\\/wp-content\\\/uploads\\\/2025\\\/11\\\/LogoFinal.jpg\",\"width\":535,\"height\":563,\"caption\":\"ASAP Cleaning Services\"},\"image\":{\"@id\":\"https:\\\/\\\/asapcleaningsd.com\\\/#\\\/schema\\\/logo\\\/image\\\/\"}}]}<\/script>\n<!-- \/ Yoast SEO plugin. -->","yoast_head_json":{"title":"Pol\u00edtica de Privacidad | ASAP Cleaning Services","description":"Conoce c\u00f3mo ASAP Cleaning recopila, utiliza y protege tu informaci\u00f3n personal al visitar nuestro sitio web o solicitar servicios.","robots":{"index":"index","follow":"follow","max-snippet":"max-snippet:-1","max-image-preview":"max-image-preview:large","max-video-preview":"max-video-preview:-1"},"canonical":"https:\/\/asapcleaningsd.com\/es\/politicas-de-privacidad\/","og_locale":"es_MX","og_type":"article","og_title":"Privacy Policy | ASAP Cleaning Services","og_description":"Learn how ASAP Cleaning collects, uses, and protects your personal information when you visit our website or request services.","og_url":"https:\/\/asapcleaningsd.com\/es\/politicas-de-privacidad\/","og_site_name":"ASAP Cleaning Services","article_modified_time":"2026-01-22T20:20:11+00:00","og_image":[{"width":487,"height":512,"url":"https:\/\/asapcleaningsd.com\/wp-content\/uploads\/2025\/11\/LogoFinal.png","type":"image\/png"}],"twitter_card":"summary_large_image","twitter_misc":{"Tiempo de lectura":"3 minutos"},"schema":{"@context":"https:\/\/schema.org","@graph":[{"@type":"WebPage","@id":"https:\/\/asapcleaningsd.com\/privacy-policy\/","url":"https:\/\/asapcleaningsd.com\/privacy-policy\/","name":"Pol\u00edtica de Privacidad | ASAP Cleaning Services","isPartOf":{"@id":"https:\/\/asapcleaningsd.com\/#website"},"datePublished":"2026-01-22T17:00:20+00:00","dateModified":"2026-01-22T20:20:11+00:00","description":"Conoce c\u00f3mo ASAP Cleaning recopila, utiliza y protege tu informaci\u00f3n personal al visitar nuestro sitio web o solicitar servicios.","breadcrumb":{"@id":"https:\/\/asapcleaningsd.com\/privacy-policy\/#breadcrumb"},"inLanguage":"es","potentialAction":[{"@type":"ReadAction","target":["https:\/\/asapcleaningsd.com\/privacy-policy\/"]}]},{"@type":"BreadcrumbList","@id":"https:\/\/asapcleaningsd.com\/privacy-policy\/#breadcrumb","itemListElement":[{"@type":"ListItem","position":1,"name":"Home","item":"https:\/\/asapcleaningsd.com\/"},{"@type":"ListItem","position":2,"name":"Privacy Policy"}]},{"@type":"WebSite","@id":"https:\/\/asapcleaningsd.com\/#website","url":"https:\/\/asapcleaningsd.com\/","name":"ASAP Cleaning Services","description":"","publisher":{"@id":"https:\/\/asapcleaningsd.com\/#organization"},"potentialAction":[{"@type":"SearchAction","target":{"@type":"EntryPoint","urlTemplate":"https:\/\/asapcleaningsd.com\/?s={search_term_string}"},"query-input":{"@type":"PropertyValueSpecification","valueRequired":true,"valueName":"search_term_string"}}],"inLanguage":"es"},{"@type":"Organization","@id":"https:\/\/asapcleaningsd.com\/#organization","name":"ASAP Cleaning Services","url":"https:\/\/asapcleaningsd.com\/","logo":{"@type":"ImageObject","inLanguage":"es","@id":"https:\/\/asapcleaningsd.com\/#\/schema\/logo\/image\/","url":"https:\/\/asapcleaningsd.com\/wp-content\/uploads\/2025\/11\/LogoFinal.jpg","contentUrl":"https:\/\/asapcleaningsd.com\/wp-content\/uploads\/2025\/11\/LogoFinal.jpg","width":535,"height":563,"caption":"ASAP Cleaning Services"},"image":{"@id":"https:\/\/asapcleaningsd.com\/#\/schema\/logo\/image\/"}}]}},"_links":{"self":[{"href":"https:\/\/asapcleaningsd.com\/es\/wp-json\/wp\/v2\/pages\/1748","targetHints":{"allow":["GET"]}}],"collection":[{"href":"https:\/\/asapcleaningsd.com\/es\/wp-json\/wp\/v2\/pages"}],"about":[{"href":"https:\/\/asapcleaningsd.com\/es\/wp-json\/wp\/v2\/types\/page"}],"author":[{"embeddable":true,"href":"https:\/\/asapcleaningsd.com\/es\/wp-json\/wp\/v2\/users\/1"}],"replies":[{"embeddable":true,"href":"https:\/\/asapcleaningsd.com\/es\/wp-json\/wp\/v2\/comments?post=1748"}],"version-history":[{"count":7,"href":"https:\/\/asapcleaningsd.com\/es\/wp-json\/wp\/v2\/pages\/1748\/revisions"}],"predecessor-version":[{"id":1756,"href":"https:\/\/asapcleaningsd.com\/es\/wp-json\/wp\/v2\/pages\/1748\/revisions\/1756"}],"wp:attachment":[{"href":"https:\/\/asapcleaningsd.com\/es\/wp-json\/wp\/v2\/media?parent=1748"}],"curies":[{"name":"wp","href":"https:\/\/api.w.org\/{rel}","templated":true}]}}