{"id":1764,"date":"2026-01-22T18:01:22","date_gmt":"2026-01-22T18:01:22","guid":{"rendered":"https:\/\/asapcleaningsd.com\/?page_id=1764"},"modified":"2026-01-22T20:24:23","modified_gmt":"2026-01-22T20:24:23","slug":"politica-de-cookies","status":"publish","type":"page","link":"https:\/\/asapcleaningsd.com\/es\/politica-de-cookies\/","title":{"rendered":"Pol\u00edtica de Cookies"},"content":{"rendered":"<div data-elementor-type=\"wp-page\" data-elementor-id=\"1764\" class=\"elementor elementor-1764\" data-elementor-post-type=\"page\">\n\t\t\t\t<div class=\"elementor-element elementor-element-32417f8 e-flex e-con-boxed e-con e-parent\" data-id=\"32417f8\" data-element_type=\"container\" data-e-type=\"container\" data-settings=\"{&quot;background_background&quot;:&quot;gradient&quot;}\">\n\t\t\t\t\t<div class=\"e-con-inner\">\n\t\t\t\t<div class=\"elementor-element elementor-element-b2f4da9 elementor-widget elementor-widget-heading\" data-id=\"b2f4da9\" data-element_type=\"widget\" data-e-type=\"widget\" data-widget_type=\"heading.default\">\n\t\t\t\t\t<h1 class=\"elementor-heading-title elementor-size-default\">Pol\u00edtica de Cookies<\/h1>\t\t\t\t<\/div>\n\t\t\t\t\t<\/div>\n\t\t\t\t<\/div>\n\t\t<div class=\"elementor-element elementor-element-4aceaf8 e-flex e-con-boxed e-con e-parent\" data-id=\"4aceaf8\" data-element_type=\"container\" data-e-type=\"container\">\n\t\t\t\t\t<div class=\"e-con-inner\">\n\t\t\t\t<div class=\"elementor-element elementor-element-a9cb75d elementor-widget elementor-widget-text-editor\" data-id=\"a9cb75d\" data-element_type=\"widget\" data-e-type=\"widget\" data-widget_type=\"text-editor.default\">\n\t\t\t\t\t\t\t\t\t<p data-start=\"476\" data-end=\"506\"><strong data-start=\"476\" data-end=\"493\">\u00daltima actualizaci\u00f3n:<\/strong> Enero 2026<\/p><p data-start=\"508\" data-end=\"660\">Esta Pol\u00edtica de Cookies explica c\u00f3mo ASAP Cleaning Services LLC (\u201cASAP Cleaning\u201d, \u201cnosotros\u201d, \u201cnuestro\u201d o \u201cnos\u201d) utiliza cookies y tecnolog\u00edas similares en nuestro sitio web.<\/p><p data-start=\"662\" data-end=\"766\">Al continuar navegando o utilizando nuestro sitio web, aceptas el uso de cookies seg\u00fan lo descrito en esta pol\u00edtica.<\/p><p>\u00a0<\/p><p><strong>\u00bfQu\u00e9 son las cookies?<\/strong><\/p><p data-start=\"795\" data-end=\"1047\">Las cookies son peque\u00f1os archivos de texto que se almacenan en tu dispositivo (computadora, smartphone o tableta) cuando visitas un sitio web. Las cookies ayudan a que los sitios web funcionen correctamente, mejoran la experiencia del usuario y proporcionan informaci\u00f3n sobre c\u00f3mo los visitantes interact\u00faan con el sitio.<\/p><p data-start=\"1054\" data-end=\"1075\">\u00a0<\/p><p data-start=\"1054\" data-end=\"1075\"><strong>C\u00f3mo utilizamos las cookies<\/strong><\/p><p data-start=\"1077\" data-end=\"1131\">ASAP Cleaning utiliza cookies para los siguientes fines:<\/p><ul data-start=\"1133\" data-end=\"1330\"><li data-start=\"1133\" data-end=\"1178\"><p data-start=\"1135\" data-end=\"1178\">Garantizar el correcto funcionamiento del sitio web<\/p><\/li><li data-start=\"1179\" data-end=\"1225\"><p data-start=\"1181\" data-end=\"1225\">Analizar el tr\u00e1fico y el rendimiento del sitio web<\/p><\/li><li data-start=\"1226\" data-end=\"1272\"><p data-start=\"1228\" data-end=\"1272\">Comprender c\u00f3mo los visitantes utilizan nuestro sitio web<\/p><\/li><li data-start=\"1273\" data-end=\"1330\"><p data-start=\"1275\" data-end=\"1330\">Mejorar el contenido, la usabilidad y la experiencia general<\/p><\/li><\/ul><p data-start=\"1332\" data-end=\"1428\">Nosotros <strong data-start=\"1338\" data-end=\"1345\">no<\/strong> utilizamos cookies para vender informaci\u00f3n personal ni para rastrear a los usuarios en sitios web no relacionados.<\/p><p data-start=\"1435\" data-end=\"1461\">\u00a0<\/p><p data-start=\"1435\" data-end=\"1461\"><strong>Tipos de cookies que utilizamos<\/strong><\/p><p data-start=\"1463\" data-end=\"1484\"><strong>Cookies esenciales<\/strong><\/p><p data-start=\"1486\" data-end=\"1634\">Estas cookies son necesarias para que el sitio web funcione correctamente. Permiten funciones b\u00e1sicas como la navegaci\u00f3n de p\u00e1ginas, el env\u00edo de formularios y la seguridad del sitio.<\/p><p data-start=\"1641\" data-end=\"1662\"><strong>Cookies de an\u00e1lisis<\/strong><\/p><p data-start=\"1664\" data-end=\"1888\">Estas cookies nos ayudan a comprender c\u00f3mo los visitantes interact\u00faan con nuestro sitio web mediante la recopilaci\u00f3n de informaci\u00f3n an\u00f3nima, como p\u00e1ginas vistas, fuentes de tr\u00e1fico y comportamiento de los usuarios. Estos datos nos ayudan a mejorar el rendimiento y el contenido del sitio web.<\/p><p data-start=\"1890\" data-end=\"1942\">Los ejemplos pueden incluir servicios como Google Analytics.<\/p><p data-start=\"1949\" data-end=\"1971\"><strong>Cookies funcionales<\/strong><\/p><p data-start=\"1973\" data-end=\"2094\">Las cookies funcionales permiten que el sitio web recuerde las preferencias y configuraciones del usuario para ofrecer una experiencia m\u00e1s personalizada.<\/p><p><strong>Cookies de terceros<\/strong><\/p><p data-start=\"2125\" data-end=\"2326\">Algunas cookies pueden ser establecidas por servicios de terceros utilizados en nuestro sitio web, como herramientas de an\u00e1lisis, plataformas de reservas o contenido integrado. Estos terceros pueden tener sus propias pol\u00edticas de privacidad y cookies.<\/p><p data-start=\"2333\" data-end=\"2352\"><strong>Gesti\u00f3n de cookies<\/strong><\/p><p data-start=\"2354\" data-end=\"2536\">Puedes optar por aceptar o rechazar las cookies a trav\u00e9s de la configuraci\u00f3n de tu navegador. La mayor\u00eda de los navegadores permiten controlar las cookies, incluida la eliminaci\u00f3n de cookies existentes o el bloqueo de cookies futuras.<\/p><p data-start=\"2538\" data-end=\"2625\">Ten en cuenta que deshabilitar ciertas cookies puede afectar la funcionalidad del sitio web.<\/p><p data-start=\"2632\" data-end=\"2655\">\u00a0<\/p><p data-start=\"2632\" data-end=\"2655\"><strong>Residentes de California<\/strong><\/p><p data-start=\"2657\" data-end=\"2868\">Si eres residente del Estado de California, puedes tener derechos adicionales con respecto a la recopilaci\u00f3n y el uso de informaci\u00f3n personal conforme a las leyes de privacidad aplicables. Para m\u00e1s informaci\u00f3n, consulta nuestra <a href=\"https:\/\/asapcleaningsd.com\/es\/politicas-de-privacidad\/\">Pol\u00edtica de Privacidad<\/a>.<\/p><p data-start=\"2875\" data-end=\"2907\">\u00a0<\/p><p data-start=\"2875\" data-end=\"2907\"><strong>Cambios a esta Pol\u00edtica de Cookies<\/strong><\/p><p data-start=\"2909\" data-end=\"3076\">Podemos actualizar esta Pol\u00edtica de Cookies peri\u00f3dicamente para reflejar cambios en la tecnolog\u00eda o en los requisitos legales. Cualquier actualizaci\u00f3n ser\u00e1 publicada en esta p\u00e1gina con una fecha de revisi\u00f3n actualizada.<\/p><p data-start=\"2909\" data-end=\"3076\">\u00a0<\/p><hr data-start=\"3078\" data-end=\"3081\" \/><h2 data-start=\"3083\" data-end=\"3096\">\u00a0<\/h2><p data-start=\"3083\" data-end=\"3096\"><strong>Cont\u00e1ctanos<\/strong><\/p><p data-start=\"3098\" data-end=\"3186\">Si tienes preguntas sobre esta Pol\u00edtica de Cookies o sobre c\u00f3mo utilizamos las cookies, por favor cont\u00e1ctanos:<\/p><p data-start=\"3188\" data-end=\"3310\"><strong data-start=\"3188\" data-end=\"3218\">ASAP Cleaning Services LLC<\/strong><br data-start=\"3218\" data-end=\"3221\" \/>San Diego, California<br data-start=\"3242\" data-end=\"3245\" \/>Correo: <a href=\"mailto:erika@asapcleaningsd.com\">erika@asapcleaningsd.com<\/a><br data-start=\"3278\" data-end=\"3281\" \/>Tel\u00e9fono: <a href=\"tel:+17605326591\">+1 (760) 532-6591<\/a><\/p>\t\t\t\t\t\t\t\t<\/div>\n\t\t\t\t\t<\/div>\n\t\t\t\t<\/div>\n\t\t\t\t<\/div>","protected":false},"excerpt":{"rendered":"<p>Cookie Policy Last updated: January 2026 This Cookie Policy explains how ASAP Cleaning Services LLC (\u201cASAP Cleaning,\u201d \u201cwe,\u201d \u201cour,\u201d or \u201cus\u201d) uses cookies and similar technologies on our website. By continuing to browse or use our website, you agree to the use of cookies as described in this policy. \u00a0 What Are Cookies? Cookies are [&hellip;]<\/p>\n","protected":false},"author":1,"featured_media":0,"parent":0,"menu_order":0,"comment_status":"closed","ping_status":"closed","template":"","meta":{"footnotes":""},"class_list":["post-1764","page","type-page","status-publish","hentry"],"yoast_head":"<!-- This site is optimized with the Yoast SEO plugin v27.5 - https:\/\/yoast.com\/product\/yoast-seo-wordpress\/ -->\n<title>Cookie Policy | ASAP Cleaning Services<\/title>\n<meta name=\"description\" content=\"Learn how ASAP Cleaning uses cookies and similar technologies to improve website functionality and user experience.\" \/>\n<meta name=\"robots\" content=\"index, follow, max-snippet:-1, max-image-preview:large, max-video-preview:-1\" \/>\n<link rel=\"canonical\" href=\"https:\/\/asapcleaningsd.com\/es\/politica-de-cookies\/\" \/>\n<meta property=\"og:locale\" content=\"es_MX\" \/>\n<meta property=\"og:type\" content=\"article\" \/>\n<meta property=\"og:title\" content=\"Cookie Policy | ASAP Cleaning Services\" \/>\n<meta property=\"og:description\" content=\"Learn how ASAP Cleaning uses cookies and similar technologies to improve website functionality and user experience.\" \/>\n<meta property=\"og:url\" content=\"https:\/\/asapcleaningsd.com\/es\/politica-de-cookies\/\" \/>\n<meta property=\"og:site_name\" content=\"ASAP Cleaning Services\" \/>\n<meta property=\"article:modified_time\" content=\"2026-01-22T20:24:23+00:00\" \/>\n<meta property=\"og:image\" content=\"https:\/\/asapcleaningsd.com\/wp-content\/uploads\/2025\/11\/LogoFinal.png\" \/>\n\t<meta property=\"og:image:width\" content=\"487\" \/>\n\t<meta property=\"og:image:height\" content=\"512\" \/>\n\t<meta property=\"og:image:type\" content=\"image\/png\" \/>\n<meta name=\"twitter:card\" content=\"summary_large_image\" \/>\n<meta name=\"twitter:label1\" content=\"Tiempo de lectura\" \/>\n\t<meta name=\"twitter:data1\" content=\"2 minutos\" \/>\n<script type=\"application\/ld+json\" class=\"yoast-schema-graph\">{\"@context\":\"https:\\\/\\\/schema.org\",\"@graph\":[{\"@type\":\"WebPage\",\"@id\":\"https:\\\/\\\/asapcleaningsd.com\\\/cookie-policy\\\/\",\"url\":\"https:\\\/\\\/asapcleaningsd.com\\\/cookie-policy\\\/\",\"name\":\"Cookie Policy | ASAP Cleaning Services\",\"isPartOf\":{\"@id\":\"https:\\\/\\\/asapcleaningsd.com\\\/#website\"},\"datePublished\":\"2026-01-22T18:01:22+00:00\",\"dateModified\":\"2026-01-22T20:24:23+00:00\",\"description\":\"Learn how ASAP Cleaning uses cookies and similar technologies to improve website functionality and user experience.\",\"breadcrumb\":{\"@id\":\"https:\\\/\\\/asapcleaningsd.com\\\/cookie-policy\\\/#breadcrumb\"},\"inLanguage\":\"es\",\"potentialAction\":[{\"@type\":\"ReadAction\",\"target\":[\"https:\\\/\\\/asapcleaningsd.com\\\/cookie-policy\\\/\"]}]},{\"@type\":\"BreadcrumbList\",\"@id\":\"https:\\\/\\\/asapcleaningsd.com\\\/cookie-policy\\\/#breadcrumb\",\"itemListElement\":[{\"@type\":\"ListItem\",\"position\":1,\"name\":\"Home\",\"item\":\"https:\\\/\\\/asapcleaningsd.com\\\/\"},{\"@type\":\"ListItem\",\"position\":2,\"name\":\"Cookie Policy\"}]},{\"@type\":\"WebSite\",\"@id\":\"https:\\\/\\\/asapcleaningsd.com\\\/#website\",\"url\":\"https:\\\/\\\/asapcleaningsd.com\\\/\",\"name\":\"ASAP Cleaning Services\",\"description\":\"\",\"publisher\":{\"@id\":\"https:\\\/\\\/asapcleaningsd.com\\\/#organization\"},\"potentialAction\":[{\"@type\":\"SearchAction\",\"target\":{\"@type\":\"EntryPoint\",\"urlTemplate\":\"https:\\\/\\\/asapcleaningsd.com\\\/?s={search_term_string}\"},\"query-input\":{\"@type\":\"PropertyValueSpecification\",\"valueRequired\":true,\"valueName\":\"search_term_string\"}}],\"inLanguage\":\"es\"},{\"@type\":\"Organization\",\"@id\":\"https:\\\/\\\/asapcleaningsd.com\\\/#organization\",\"name\":\"ASAP Cleaning Services\",\"url\":\"https:\\\/\\\/asapcleaningsd.com\\\/\",\"logo\":{\"@type\":\"ImageObject\",\"inLanguage\":\"es\",\"@id\":\"https:\\\/\\\/asapcleaningsd.com\\\/#\\\/schema\\\/logo\\\/image\\\/\",\"url\":\"https:\\\/\\\/asapcleaningsd.com\\\/wp-content\\\/uploads\\\/2025\\\/11\\\/LogoFinal.jpg\",\"contentUrl\":\"https:\\\/\\\/asapcleaningsd.com\\\/wp-content\\\/uploads\\\/2025\\\/11\\\/LogoFinal.jpg\",\"width\":535,\"height\":563,\"caption\":\"ASAP Cleaning Services\"},\"image\":{\"@id\":\"https:\\\/\\\/asapcleaningsd.com\\\/#\\\/schema\\\/logo\\\/image\\\/\"}}]}<\/script>\n<!-- \/ Yoast SEO plugin. -->","yoast_head_json":{"title":"Pol\u00edtica de Cookies | ASAP Cleaning Services","description":"Descubre c\u00f3mo ASAP Cleaning utiliza cookies y tecnolog\u00edas similares para mejorar la funcionalidad del sitio web y la experiencia del usuario.","robots":{"index":"index","follow":"follow","max-snippet":"max-snippet:-1","max-image-preview":"max-image-preview:large","max-video-preview":"max-video-preview:-1"},"canonical":"https:\/\/asapcleaningsd.com\/es\/politica-de-cookies\/","og_locale":"es_MX","og_type":"article","og_title":"Cookie Policy | ASAP Cleaning Services","og_description":"Learn how ASAP Cleaning uses cookies and similar technologies to improve website functionality and user experience.","og_url":"https:\/\/asapcleaningsd.com\/es\/politica-de-cookies\/","og_site_name":"ASAP Cleaning Services","article_modified_time":"2026-01-22T20:24:23+00:00","og_image":[{"width":487,"height":512,"url":"https:\/\/asapcleaningsd.com\/wp-content\/uploads\/2025\/11\/LogoFinal.png","type":"image\/png"}],"twitter_card":"summary_large_image","twitter_misc":{"Tiempo de lectura":"2 minutos"},"schema":{"@context":"https:\/\/schema.org","@graph":[{"@type":"WebPage","@id":"https:\/\/asapcleaningsd.com\/cookie-policy\/","url":"https:\/\/asapcleaningsd.com\/cookie-policy\/","name":"Pol\u00edtica de Cookies | ASAP Cleaning Services","isPartOf":{"@id":"https:\/\/asapcleaningsd.com\/#website"},"datePublished":"2026-01-22T18:01:22+00:00","dateModified":"2026-01-22T20:24:23+00:00","description":"Descubre c\u00f3mo ASAP Cleaning utiliza cookies y tecnolog\u00edas similares para mejorar la funcionalidad del sitio web y la experiencia del usuario.","breadcrumb":{"@id":"https:\/\/asapcleaningsd.com\/cookie-policy\/#breadcrumb"},"inLanguage":"es","potentialAction":[{"@type":"ReadAction","target":["https:\/\/asapcleaningsd.com\/cookie-policy\/"]}]},{"@type":"BreadcrumbList","@id":"https:\/\/asapcleaningsd.com\/cookie-policy\/#breadcrumb","itemListElement":[{"@type":"ListItem","position":1,"name":"Home","item":"https:\/\/asapcleaningsd.com\/"},{"@type":"ListItem","position":2,"name":"Cookie Policy"}]},{"@type":"WebSite","@id":"https:\/\/asapcleaningsd.com\/#website","url":"https:\/\/asapcleaningsd.com\/","name":"ASAP Cleaning Services","description":"","publisher":{"@id":"https:\/\/asapcleaningsd.com\/#organization"},"potentialAction":[{"@type":"SearchAction","target":{"@type":"EntryPoint","urlTemplate":"https:\/\/asapcleaningsd.com\/?s={search_term_string}"},"query-input":{"@type":"PropertyValueSpecification","valueRequired":true,"valueName":"search_term_string"}}],"inLanguage":"es"},{"@type":"Organization","@id":"https:\/\/asapcleaningsd.com\/#organization","name":"ASAP Cleaning Services","url":"https:\/\/asapcleaningsd.com\/","logo":{"@type":"ImageObject","inLanguage":"es","@id":"https:\/\/asapcleaningsd.com\/#\/schema\/logo\/image\/","url":"https:\/\/asapcleaningsd.com\/wp-content\/uploads\/2025\/11\/LogoFinal.jpg","contentUrl":"https:\/\/asapcleaningsd.com\/wp-content\/uploads\/2025\/11\/LogoFinal.jpg","width":535,"height":563,"caption":"ASAP Cleaning Services"},"image":{"@id":"https:\/\/asapcleaningsd.com\/#\/schema\/logo\/image\/"}}]}},"_links":{"self":[{"href":"https:\/\/asapcleaningsd.com\/es\/wp-json\/wp\/v2\/pages\/1764","targetHints":{"allow":["GET"]}}],"collection":[{"href":"https:\/\/asapcleaningsd.com\/es\/wp-json\/wp\/v2\/pages"}],"about":[{"href":"https:\/\/asapcleaningsd.com\/es\/wp-json\/wp\/v2\/types\/page"}],"author":[{"embeddable":true,"href":"https:\/\/asapcleaningsd.com\/es\/wp-json\/wp\/v2\/users\/1"}],"replies":[{"embeddable":true,"href":"https:\/\/asapcleaningsd.com\/es\/wp-json\/wp\/v2\/comments?post=1764"}],"version-history":[{"count":4,"href":"https:\/\/asapcleaningsd.com\/es\/wp-json\/wp\/v2\/pages\/1764\/revisions"}],"predecessor-version":[{"id":1768,"href":"https:\/\/asapcleaningsd.com\/es\/wp-json\/wp\/v2\/pages\/1764\/revisions\/1768"}],"wp:attachment":[{"href":"https:\/\/asapcleaningsd.com\/es\/wp-json\/wp\/v2\/media?parent=1764"}],"curies":[{"name":"wp","href":"https:\/\/api.w.org\/{rel}","templated":true}]}}